{"id":394,"date":"2024-04-23T00:41:29","date_gmt":"2024-04-22T23:41:29","guid":{"rendered":"https:\/\/heimat-kyffhaeuserkreis.de\/?page_id=394"},"modified":"2024-04-23T00:41:29","modified_gmt":"2024-04-22T23:41:29","slug":"startseite","status":"publish","type":"page","link":"https:\/\/wartburgkreis.die-heimat.de\/","title":{"rendered":"Startseite"},"content":{"rendered":"<div class=\"fusion-fullwidth fullwidth-box fusion-builder-row-1 fusion-flex-container has-pattern-background has-mask-background nonhundred-percent-fullwidth non-hundred-percent-height-scrolling\" style=\"--awb-border-radius-top-left:0px;--awb-border-radius-top-right:0px;--awb-border-radius-bottom-right:0px;--awb-border-radius-bottom-left:0px;--awb-flex-wrap:wrap;\" ><div class=\"fusion-builder-row fusion-row fusion-flex-align-items-flex-start fusion-flex-content-wrap\" style=\"max-width:1248px;margin-left: calc(-4% \/ 2 );margin-right: calc(-4% \/ 2 );\"><div class=\"fusion-layout-column fusion_builder_column fusion-builder-column-0 fusion_builder_column_1_1 1_1 fusion-flex-column\" style=\"--awb-bg-size:cover;--awb-width-large:100%;--awb-margin-top-large:0px;--awb-spacing-right-large:1.92%;--awb-margin-bottom-large:20px;--awb-spacing-left-large:1.92%;--awb-width-medium:100%;--awb-order-medium:0;--awb-spacing-right-medium:1.92%;--awb-spacing-left-medium:1.92%;--awb-width-small:100%;--awb-order-small:0;--awb-spacing-right-small:1.92%;--awb-spacing-left-small:1.92%;\"><div class=\"fusion-column-wrapper fusion-column-has-shadow fusion-flex-justify-content-flex-start fusion-content-layout-column\"><script type=\"text\/javascript\">jQuery(function() { _initLayerSlider( '#layerslider_1_1rvm7wbtd56wr', {createdWith: '7.9.11', sliderVersion: '7.14.1', skin: 'v6', hoverBottomNav: true, useSrcset: true, skinsPath: 'https:\/\/wartburgkreis.die-heimat.de\/wp-content\/plugins\/LayerSlider\/assets\/static\/layerslider\/skins\/', performanceMode: true}); });<\/script><div id=\"layerslider_1_1rvm7wbtd56wr\"  class=\"ls-wp-container fitvidsignore ls-selectable\" style=\"width:1280px;height:400px;margin:0 auto;\"><div class=\"ls-slide\" data-ls=\"duration:4000;transition2d:12;transitionduration:4000;timeshift:4000;\"><img decoding=\"async\" width=\"1280\" height=\"400\" src=\"https:\/\/wartburgkreis.die-heimat.de\/wp-content\/uploads\/2024\/04\/ls-project-1-slide-1-2.jpg\" class=\"ls-tn\" alt=\"\" srcset=\"https:\/\/wartburgkreis.die-heimat.de\/wp-content\/uploads\/2024\/04\/ls-project-1-slide-1-2-200x63.jpg 200w, https:\/\/wartburgkreis.die-heimat.de\/wp-content\/uploads\/2024\/04\/ls-project-1-slide-1-2-300x94.jpg 300w, https:\/\/wartburgkreis.die-heimat.de\/wp-content\/uploads\/2024\/04\/ls-project-1-slide-1-2-400x125.jpg 400w, https:\/\/wartburgkreis.die-heimat.de\/wp-content\/uploads\/2024\/04\/ls-project-1-slide-1-2-600x188.jpg 600w, https:\/\/wartburgkreis.die-heimat.de\/wp-content\/uploads\/2024\/04\/ls-project-1-slide-1-2-768x240.jpg 768w, https:\/\/wartburgkreis.die-heimat.de\/wp-content\/uploads\/2024\/04\/ls-project-1-slide-1-2-800x250.jpg 800w, https:\/\/wartburgkreis.die-heimat.de\/wp-content\/uploads\/2024\/04\/ls-project-1-slide-1-2-1024x320.jpg 1024w, https:\/\/wartburgkreis.die-heimat.de\/wp-content\/uploads\/2024\/04\/ls-project-1-slide-1-2-1200x375.jpg 1200w, https:\/\/wartburgkreis.die-heimat.de\/wp-content\/uploads\/2024\/04\/ls-project-1-slide-1-2.jpg 1280w\" sizes=\"(max-width: 1280px) 100vw, 1280px\" \/><a style=\"\" class=\"ls-l\" href=\"https:\/\/wartburgkreis.die-heimat.de\/index.php\/wer-wir-sind\/mitmachen\/\" target=\"_blank\"><img decoding=\"async\" width=\"1280\" height=\"400\" src=\"https:\/\/wartburgkreis.die-heimat.de\/wp-content\/uploads\/2025\/05\/Titelbild_heimat_wartburgkreis_01.jpg\" class=\"ls-img-layer\" alt=\"\" srcset=\"https:\/\/wartburgkreis.die-heimat.de\/wp-content\/uploads\/2025\/05\/Titelbild_heimat_wartburgkreis_01-200x63.jpg 200w, https:\/\/wartburgkreis.die-heimat.de\/wp-content\/uploads\/2025\/05\/Titelbild_heimat_wartburgkreis_01-300x94.jpg 300w, https:\/\/wartburgkreis.die-heimat.de\/wp-content\/uploads\/2025\/05\/Titelbild_heimat_wartburgkreis_01-400x125.jpg 400w, https:\/\/wartburgkreis.die-heimat.de\/wp-content\/uploads\/2025\/05\/Titelbild_heimat_wartburgkreis_01-600x188.jpg 600w, https:\/\/wartburgkreis.die-heimat.de\/wp-content\/uploads\/2025\/05\/Titelbild_heimat_wartburgkreis_01-768x240.jpg 768w, https:\/\/wartburgkreis.die-heimat.de\/wp-content\/uploads\/2025\/05\/Titelbild_heimat_wartburgkreis_01-800x250.jpg 800w, https:\/\/wartburgkreis.die-heimat.de\/wp-content\/uploads\/2025\/05\/Titelbild_heimat_wartburgkreis_01-1024x320.jpg 1024w, https:\/\/wartburgkreis.die-heimat.de\/wp-content\/uploads\/2025\/05\/Titelbild_heimat_wartburgkreis_01-1200x375.jpg 1200w, https:\/\/wartburgkreis.die-heimat.de\/wp-content\/uploads\/2025\/05\/Titelbild_heimat_wartburgkreis_01.jpg 1280w\" sizes=\"(max-width: 1280px) 100vw, 1280px\" style=\"width:1280px;height:400px;top:0px;left:0px;\"><\/a><\/div><\/div><div class=\"fusion-title title fusion-title-1 fusion-title-text fusion-title-size-three\"><div class=\"title-sep-container title-sep-container-left fusion-no-large-visibility fusion-no-medium-visibility fusion-no-small-visibility\"><div class=\"title-sep sep-double sep-solid\" style=\"border-color:#e2e2e2;\"><\/div><\/div><span class=\"awb-title-spacer fusion-no-large-visibility fusion-no-medium-visibility fusion-no-small-visibility\"><\/span><h3 class=\"fusion-title-heading title-heading-left\" style=\"margin:0;\"><h3><strong>Aktuelle Beitr\u00e4ge<\/strong><\/h3><\/h3><span class=\"awb-title-spacer\"><\/span><div class=\"title-sep-container title-sep-container-right\"><div class=\"title-sep sep-double sep-solid\" style=\"border-color:#e2e2e2;\"><\/div><\/div><\/div><div class=\"fusion-recent-posts fusion-recent-posts-1 avada-container layout-default layout-columns-3\"><section class=\"fusion-columns columns fusion-columns-3 columns-3\"><article class=\"post fusion-column column col col-lg-4 col-md-4 col-sm-4\"><div class=\"fusion-flexslider fusion-flexslider-loading flexslider flexslider-hover-type-none\"><ul class=\"slides\"><li><a href=\"https:\/\/wartburgkreis.die-heimat.de\/index.php\/2024\/pressemitteilung-generationenwechsel-an-der-spitze-des-heimat-landesverbandes-thueringen\/\" aria-label=\"PRESSEMITTEILUNG: Generationenwechsel an der Spitze des Heimat-Landesverbandes Th\u00fcringen\" class=\"hover-type-none\"><img decoding=\"async\" width=\"700\" height=\"441\" src=\"https:\/\/wartburgkreis.die-heimat.de\/wp-content\/uploads\/2024\/09\/lpt24_3-700x441.jpeg\" class=\"attachment-recent-posts size-recent-posts\" alt=\"\" srcset=\"https:\/\/wartburgkreis.die-heimat.de\/wp-content\/uploads\/2024\/09\/lpt24_3-e1726494812349-320x202.jpeg 320w, https:\/\/wartburgkreis.die-heimat.de\/wp-content\/uploads\/2024\/09\/lpt24_3-700x441.jpeg 700w\" sizes=\"(max-width: 700px) 100vw, 700px\" \/><\/a><\/li><\/ul><\/div><div class=\"recent-posts-content\"><span class=\"vcard\" style=\"display: none;\"><span class=\"fn\"><a href=\"https:\/\/wartburgkreis.die-heimat.de\/index.php\/author\/admin_pz3y4vp3\/\" title=\"Beitr\u00e4ge von admin\" rel=\"author\">admin<\/a><\/span><\/span><span class=\"updated\" style=\"display:none;\">2024-09-16T14:53:46+01:00<\/span><h4 class=\"entry-title\"><a href=\"https:\/\/wartburgkreis.die-heimat.de\/index.php\/2024\/pressemitteilung-generationenwechsel-an-der-spitze-des-heimat-landesverbandes-thueringen\/\">PRESSEMITTEILUNG: Generationenwechsel an der Spitze des Heimat-Landesverbandes Th\u00fcringen<\/a><\/h4><p class=\"meta\"><span class=\"vcard\" style=\"display: none;\"><span class=\"fn\"><a href=\"https:\/\/wartburgkreis.die-heimat.de\/index.php\/author\/admin_pz3y4vp3\/\" title=\"Beitr\u00e4ge von admin\" rel=\"author\">admin<\/a><\/span><\/span><span class=\"updated\" style=\"display:none;\">2024-09-16T14:53:46+01:00<\/span><span>16. September 2024<\/span><span class=\"fusion-inline-sep\">|<\/span><span class=\"fusion-comments\"><a href=\"https:\/\/wartburgkreis.die-heimat.de\/index.php\/2024\/pressemitteilung-generationenwechsel-an-der-spitze-des-heimat-landesverbandes-thueringen\/#respond\">0 Kommentare<\/a><\/span><\/p><p>Am vergangenen Sonnabend fand in Eisenach der Landesparteitag der Th\u00fcringer Heimat statt. Hier wurden ein neuer Landesvorstand gew\u00e4hlt und die Aufgaben der kommenden Jahre er\u00f6rtert. Einstimmig wurde der Aktivist der Jugendorganisation Junge Nationalisten, Max-Joseph Matthiess, [...]<\/p><\/div><\/article><\/section><\/div><\/div><\/div><\/div><\/div>\n","protected":false},"excerpt":{"rendered":"","protected":false},"author":1,"featured_media":0,"parent":0,"menu_order":0,"comment_status":"closed","ping_status":"closed","template":"","meta":{"footnotes":""},"class_list":["post-394","page","type-page","status-publish","hentry"],"_links":{"self":[{"href":"https:\/\/wartburgkreis.die-heimat.de\/index.php\/wp-json\/wp\/v2\/pages\/394","targetHints":{"allow":["GET"]}}],"collection":[{"href":"https:\/\/wartburgkreis.die-heimat.de\/index.php\/wp-json\/wp\/v2\/pages"}],"about":[{"href":"https:\/\/wartburgkreis.die-heimat.de\/index.php\/wp-json\/wp\/v2\/types\/page"}],"author":[{"embeddable":true,"href":"https:\/\/wartburgkreis.die-heimat.de\/index.php\/wp-json\/wp\/v2\/users\/1"}],"replies":[{"embeddable":true,"href":"https:\/\/wartburgkreis.die-heimat.de\/index.php\/wp-json\/wp\/v2\/comments?post=394"}],"version-history":[{"count":13,"href":"https:\/\/wartburgkreis.die-heimat.de\/index.php\/wp-json\/wp\/v2\/pages\/394\/revisions"}],"predecessor-version":[{"id":414,"href":"https:\/\/wartburgkreis.die-heimat.de\/index.php\/wp-json\/wp\/v2\/pages\/394\/revisions\/414"}],"wp:attachment":[{"href":"https:\/\/wartburgkreis.die-heimat.de\/index.php\/wp-json\/wp\/v2\/media?parent=394"}],"curies":[{"name":"wp","href":"https:\/\/api.w.org\/{rel}","templated":true}]}}